{"id":388,"date":"2025-05-26T14:55:28","date_gmt":"2025-05-26T19:55:28","guid":{"rendered":"https:\/\/perucoyana.com\/?page_id=388"},"modified":"2025-06-12T00:51:45","modified_gmt":"2025-06-12T05:51:45","slug":"tours-ica","status":"publish","type":"page","link":"https:\/\/perucoyana.com\/es_PE\/?page_id=388","title":{"rendered":"Tours Ica"},"content":{"rendered":"\n<h2 class=\"wp-block-heading\">Descubre la Costa del Desierto con nuestros <strong>Tours en Ica<\/strong><\/h2>\n\n\n\n<p>Desde las misteriosas L\u00edneas de Nazca hasta las maravillas marinas de Paracas y las doradas dunas de Huacachina, nuestros Tours en Ica te conectan con la belleza natural y cultural del sur del Per\u00fa.<\/p>\n\n\n\n<p>Ya sea sobrevolando antiguos geoglifos, recorriendo el desierto en buggies o navegando hacia las Islas Ballestas, cada tour est\u00e1 dise\u00f1ado para el descubrimiento y la emoci\u00f3n.<\/p>\n\n\n\n<p>Explora Ica con Peru Coyana\u2014donde la costa se encuentra con la aventura.<\/p>\n\n\n<div class=\"category-contenedor-posts\"><div class=\"category-post-item\"><a href=\"https:\/\/perucoyana.com\/es_PE\/?p=140\"><img decoding=\"async\" src=\"https:\/\/perucoyana.com\/es_PE\/wp-content\/uploads\/paracas-national-reserve-tour.webp\" alt=\"\" \/><\/a><div class=\"category-post-title\"><a href=\"https:\/\/perucoyana.com\/es_PE\/?p=140\">Paracas National Reserve Tour<\/a><\/div><div class=\"category-post-info\"><div class=\"category-post-lugares\">Paracas<\/div><div class=\"category-post-duracion\">1\/2 day<\/div><\/div><\/div><div class=\"category-post-item\"><a href=\"https:\/\/perucoyana.com\/es_PE\/?p=138\"><img decoding=\"async\" src=\"https:\/\/perucoyana.com\/es_PE\/wp-content\/uploads\/tambo-colorado-tour.webp\" alt=\"\" \/><\/a><div class=\"category-post-title\"><a href=\"https:\/\/perucoyana.com\/es_PE\/?p=138\">Ballestas Islands \u2013 Tambo Colorado Tour (Full Day)<\/a><\/div><div class=\"category-post-info\"><div class=\"category-post-lugares\">Ballestas Islands \u2013 Tambo Colorado<\/div><div class=\"category-post-duracion\">1 d\u00eda<\/div><\/div><\/div><div class=\"category-post-item\"><a href=\"https:\/\/perucoyana.com\/es_PE\/?p=136\"><img decoding=\"async\" src=\"https:\/\/perucoyana.com\/es_PE\/wp-content\/uploads\/ballestas-islands-tour.webp\" alt=\"\" \/><\/a><div class=\"category-post-title\"><a href=\"https:\/\/perucoyana.com\/es_PE\/?p=136\">Ballestas Islands Tour \u2013 Paracas (Full Day)<\/a><\/div><div class=\"category-post-info\"><div class=\"category-post-lugares\">Ballestas Islands<\/div><div class=\"category-post-duracion\">1 d\u00eda<\/div><\/div><\/div><div class=\"category-post-item\"><a href=\"https:\/\/perucoyana.com\/es_PE\/?p=133\"><img decoding=\"async\" src=\"https:\/\/perucoyana.com\/es_PE\/wp-content\/uploads\/chauchilla-cemetery-tour.webp\" alt=\"\" \/><\/a><div class=\"category-post-title\"><a href=\"https:\/\/perucoyana.com\/es_PE\/?p=133\">Chauchilla Cemetery Tour<\/a><\/div><div class=\"category-post-info\"><div class=\"category-post-lugares\">CHAUCHILLA CEMETERY<\/div><div class=\"category-post-duracion\">3 hours<\/div><\/div><\/div><div class=\"category-post-item\"><a href=\"https:\/\/perucoyana.com\/es_PE\/?p=129\"><img decoding=\"async\" src=\"https:\/\/perucoyana.com\/es_PE\/wp-content\/uploads\/sandboarding-nazca-tour.webp\" alt=\"\" \/><\/a><div class=\"category-post-title\"><a href=\"https:\/\/perucoyana.com\/es_PE\/?p=129\">Usaka Desert Buggies and Sandboarding Tour \u2013 Half Day<\/a><\/div><div class=\"category-post-info\"><div class=\"category-post-lugares\">Usaka Desert<\/div><div class=\"category-post-duracion\">1\/2 day<\/div><\/div><\/div><div class=\"category-post-item\"><a href=\"https:\/\/perucoyana.com\/es_PE\/?p=127\"><img decoding=\"async\" src=\"https:\/\/perucoyana.com\/es_PE\/wp-content\/uploads\/nazca-lines-tour.webp\" alt=\"\" \/><\/a><div class=\"category-post-title\"><a href=\"https:\/\/perucoyana.com\/es_PE\/?p=127\">Nazca Lines Overflight<\/a><\/div><div class=\"category-post-info\"><div class=\"category-post-lugares\">Nazca Lines <\/div><div class=\"category-post-duracion\">2 hours<\/div><\/div><\/div><div class=\"category-post-item\"><a href=\"https:\/\/perucoyana.com\/es_PE\/?p=125\"><img decoding=\"async\" src=\"https:\/\/perucoyana.com\/es_PE\/wp-content\/uploads\/paracas-ica-nazca-tour.webp\" alt=\"\" \/><\/a><div class=\"category-post-title\"><a href=\"https:\/\/perucoyana.com\/es_PE\/?p=125\">Paracas \u2013 Ica \u2013 Nazca Tour \u2013 3 Days \/ 2 Nights<\/a><\/div><div class=\"category-post-info\"><div class=\"category-post-lugares\">Paracas-Ica-Nazca<\/div><div class=\"category-post-duracion\">3 days<\/div><\/div><\/div><div class=\"category-post-item\"><a href=\"https:\/\/perucoyana.com\/es_PE\/?p=123\"><img decoding=\"async\" src=\"https:\/\/perucoyana.com\/es_PE\/wp-content\/uploads\/paracas-tour-full-day.webp\" alt=\"\" \/><\/a><div class=\"category-post-title\"><a href=\"https:\/\/perucoyana.com\/es_PE\/?p=123\">Paracas \u2013 Ica Full Day Tour<\/a><\/div><div class=\"category-post-info\"><div class=\"category-post-lugares\">Paracas<\/div><div class=\"category-post-duracion\">1 d\u00eda<\/div><\/div><\/div><div class=\"category-post-item\"><a href=\"https:\/\/perucoyana.com\/es_PE\/?p=121\"><img decoding=\"async\" src=\"https:\/\/perucoyana.com\/es_PE\/wp-content\/uploads\/nazca-city-tour.webp\" alt=\"\" \/><\/a><div class=\"category-post-title\"><a href=\"https:\/\/perucoyana.com\/es_PE\/?p=121\">Nazca City Tour \u2013 Half Day<\/a><\/div><div class=\"category-post-info\"><div class=\"category-post-lugares\">Nazca<\/div><div class=\"category-post-duracion\">1\/2 day<\/div><\/div><\/div><div class=\"category-post-item\"><a href=\"https:\/\/perucoyana.com\/es_PE\/?p=119\"><img decoding=\"async\" src=\"https:\/\/perucoyana.com\/es_PE\/wp-content\/uploads\/city-tour-ica.webp\" alt=\"\" \/><\/a><div class=\"category-post-title\"><a href=\"https:\/\/perucoyana.com\/es_PE\/?p=119\">City Tour in Ica \u2013 Half Day<\/a><\/div><div class=\"category-post-info\"><div class=\"category-post-lugares\">Ica city<\/div><div class=\"category-post-duracion\">1\/2 day<\/div><\/div><\/div><div class=\"category-post-item\"><a href=\"https:\/\/perucoyana.com\/es_PE\/?p=117\"><img decoding=\"async\" src=\"https:\/\/perucoyana.com\/es_PE\/wp-content\/uploads\/pisco-route-ica.webp\" alt=\"\" \/><\/a><div class=\"category-post-title\"><a href=\"https:\/\/perucoyana.com\/es_PE\/?p=117\">City Tour along the Pisco Route \u2013 Half Day<\/a><\/div><div class=\"category-post-info\"><div class=\"category-post-lugares\">Ica<\/div><div class=\"category-post-duracion\">1\/2 day<\/div><\/div><\/div><\/div>\n\n","protected":false},"excerpt":{"rendered":"<p>Descubre la Costa del Desierto con nuestros Tours en Ica Desde las misteriosas L\u00edneas de Nazca hasta las maravillas marinas de Paracas y las doradas dunas de Huacachina, nuestros Tours en Ica te conectan con la belleza natural y cultural del sur del Per\u00fa. Ya sea sobrevolando antiguos geoglifos, recorriendo el desierto en buggies o [&hellip;]<\/p>\n","protected":false},"author":1,"featured_media":0,"parent":0,"menu_order":0,"comment_status":"closed","ping_status":"closed","template":"templates\/categorias.php","meta":{"_acf_changed":false,"footnotes":""},"class_list":["post-388","page","type-page","status-publish","hentry"],"acf":[],"_links":{"self":[{"href":"https:\/\/perucoyana.com\/es_PE\/index.php?rest_route=\/wp\/v2\/pages\/388","targetHints":{"allow":["GET"]}}],"collection":[{"href":"https:\/\/perucoyana.com\/es_PE\/index.php?rest_route=\/wp\/v2\/pages"}],"about":[{"href":"https:\/\/perucoyana.com\/es_PE\/index.php?rest_route=\/wp\/v2\/types\/page"}],"author":[{"embeddable":true,"href":"https:\/\/perucoyana.com\/es_PE\/index.php?rest_route=\/wp\/v2\/users\/1"}],"replies":[{"embeddable":true,"href":"https:\/\/perucoyana.com\/es_PE\/index.php?rest_route=%2Fwp%2Fv2%2Fcomments&post=388"}],"version-history":[{"count":5,"href":"https:\/\/perucoyana.com\/es_PE\/index.php?rest_route=\/wp\/v2\/pages\/388\/revisions"}],"predecessor-version":[{"id":771,"href":"https:\/\/perucoyana.com\/es_PE\/index.php?rest_route=\/wp\/v2\/pages\/388\/revisions\/771"}],"wp:attachment":[{"href":"https:\/\/perucoyana.com\/es_PE\/index.php?rest_route=%2Fwp%2Fv2%2Fmedia&parent=388"}],"curies":[{"name":"wp","href":"https:\/\/api.w.org\/{rel}","templated":true}]}}