{"id":390,"date":"2025-05-26T14:57:15","date_gmt":"2025-05-26T19:57:15","guid":{"rendered":"https:\/\/perucoyana.com\/?page_id=390"},"modified":"2025-06-12T00:52:07","modified_gmt":"2025-06-12T05:52:07","slug":"tours-misticos","status":"publish","type":"page","link":"https:\/\/perucoyana.com\/es_PE\/?page_id=390","title":{"rendered":"Tours M\u00edsticos"},"content":{"rendered":"\n<h2 class=\"wp-block-heading\">Con\u00e9ctate con la Sabidur\u00eda Ancestral a trav\u00e9s de nuestros <strong>Tours M\u00edsticos<\/strong><\/h2>\n\n\n\n<p>Peru Coyana te invita a explorar el coraz\u00f3n espiritual de los Andes con nuestros Tours M\u00edsticos. Participa en ceremonias sagradas como Ayahuasca, San Pedro y Ofrendas a la Pachamama, guiado por sanadores andinos en entornos naturales de gran poder.<\/p>\n\n\n\n<p>Estos viajes est\u00e1n dise\u00f1ados para la sanaci\u00f3n interior, la inmersi\u00f3n cultural y la conexi\u00f3n espiritual.<\/p>\n\n\n\n<p>Camina por un sendero sagrado \u2014 Per\u00fa espera tu despertar.<\/p>\n\n\n<div class=\"category-contenedor-posts\"><div class=\"category-post-item\"><a href=\"https:\/\/perucoyana.com\/es_PE\/?p=164\"><img decoding=\"async\" src=\"https:\/\/perucoyana.com\/es_PE\/wp-content\/uploads\/trujillo-2-days.webp\" alt=\"\" \/><\/a><div class=\"category-post-title\"><a href=\"https:\/\/perucoyana.com\/es_PE\/?p=164\">Basic Trujillo \u2013 2 Days \/ 1 Night<\/a><\/div><div class=\"category-post-info\"><div class=\"category-post-lugares\">Trujillo<\/div><div class=\"category-post-duracion\">2 days<\/div><\/div><\/div><div class=\"category-post-item\"><a href=\"https:\/\/perucoyana.com\/es_PE\/?p=162\"><img decoding=\"async\" src=\"https:\/\/perucoyana.com\/es_PE\/wp-content\/uploads\/pachamama-cusco-tour.webp\" alt=\"\" \/><\/a><div class=\"category-post-title\"><a href=\"https:\/\/perucoyana.com\/es_PE\/?p=162\">Offering to the Pachamama \u2013 1 Day<\/a><\/div><div class=\"category-post-info\"><div class=\"category-post-lugares\">Cusco<\/div><div class=\"category-post-duracion\">1 day<\/div><\/div><\/div><div class=\"category-post-item\"><a href=\"https:\/\/perucoyana.com\/es_PE\/?p=160\"><img decoding=\"async\" src=\"https:\/\/perucoyana.com\/es_PE\/wp-content\/uploads\/san-pedro-ceremony.webp\" alt=\"\" \/><\/a><div class=\"category-post-title\"><a href=\"https:\/\/perucoyana.com\/es_PE\/?p=160\">San Pedro Ceremony \u2013 1 Day<\/a><\/div><div class=\"category-post-info\"><div class=\"category-post-lugares\">Cusco<\/div><div class=\"category-post-duracion\">1 day<\/div><\/div><\/div><div class=\"category-post-item\"><a href=\"https:\/\/perucoyana.com\/es_PE\/?p=158\"><img decoding=\"async\" src=\"https:\/\/perucoyana.com\/es_PE\/wp-content\/uploads\/ayahuasca-ceremony.webp\" alt=\"\" \/><\/a><div class=\"category-post-title\"><a href=\"https:\/\/perucoyana.com\/es_PE\/?p=158\">Ayahuasca Ceremony \u2013 2 Days \/ 1 Night<\/a><\/div><div class=\"category-post-info\"><div class=\"category-post-lugares\">Cusco<\/div><div class=\"category-post-duracion\">2 days<\/div><\/div><\/div><\/div>\n\n","protected":false},"excerpt":{"rendered":"<p>Con\u00e9ctate con la Sabidur\u00eda Ancestral a trav\u00e9s de nuestros Tours M\u00edsticos Peru Coyana te invita a explorar el coraz\u00f3n espiritual de los Andes con nuestros Tours M\u00edsticos. Participa en ceremonias sagradas como Ayahuasca, San Pedro y Ofrendas a la Pachamama, guiado por sanadores andinos en entornos naturales de gran poder. Estos viajes est\u00e1n dise\u00f1ados para [&hellip;]<\/p>\n","protected":false},"author":1,"featured_media":0,"parent":0,"menu_order":0,"comment_status":"closed","ping_status":"closed","template":"templates\/categorias.php","meta":{"_acf_changed":false,"footnotes":""},"class_list":["post-390","page","type-page","status-publish","hentry"],"acf":[],"_links":{"self":[{"href":"https:\/\/perucoyana.com\/es_PE\/index.php?rest_route=\/wp\/v2\/pages\/390","targetHints":{"allow":["GET"]}}],"collection":[{"href":"https:\/\/perucoyana.com\/es_PE\/index.php?rest_route=\/wp\/v2\/pages"}],"about":[{"href":"https:\/\/perucoyana.com\/es_PE\/index.php?rest_route=\/wp\/v2\/types\/page"}],"author":[{"embeddable":true,"href":"https:\/\/perucoyana.com\/es_PE\/index.php?rest_route=\/wp\/v2\/users\/1"}],"replies":[{"embeddable":true,"href":"https:\/\/perucoyana.com\/es_PE\/index.php?rest_route=%2Fwp%2Fv2%2Fcomments&post=390"}],"version-history":[{"count":5,"href":"https:\/\/perucoyana.com\/es_PE\/index.php?rest_route=\/wp\/v2\/pages\/390\/revisions"}],"predecessor-version":[{"id":772,"href":"https:\/\/perucoyana.com\/es_PE\/index.php?rest_route=\/wp\/v2\/pages\/390\/revisions\/772"}],"wp:attachment":[{"href":"https:\/\/perucoyana.com\/es_PE\/index.php?rest_route=%2Fwp%2Fv2%2Fmedia&parent=390"}],"curies":[{"name":"wp","href":"https:\/\/api.w.org\/{rel}","templated":true}]}}